{"id":537,"date":"2019-03-25T10:02:09","date_gmt":"2019-03-25T10:02:09","guid":{"rendered":"https:\/\/climatefinanceinnovators.com\/?page_id=537"},"modified":"2020-04-15T09:43:50","modified_gmt":"2020-04-15T07:43:50","slug":"contact","status":"publish","type":"page","link":"https:\/\/climatefinanceinnovators.com\/fr\/contact\/","title":{"rendered":"Contact"},"content":{"rendered":"<div id=\"cmsmasters_row_uaiqn4xvu\" class=\"cmsmasters_row cmsmasters_color_scheme_default cmsmasters_row_top_default cmsmasters_row_bot_default cmsmasters_row_boxed\">\n<div class=\"cmsmasters_row_outer_parent\">\n<div class=\"cmsmasters_row_outer\">\n<div class=\"cmsmasters_row_inner\">\n<div class=\"cmsmasters_row_margin\">\n<div id=\"cmsmasters_column_qqvg4lx0k\" class=\"cmsmasters_column one_first\">\n<div class=\"cmsmasters_column_inner\"><div class=\"aligncenter\"><div class=\"cmsmasters_img  cmsmasters_image_c\"><img decoding=\"async\" src=\"https:\/\/climatefinanceinnovators.com\/wp-content\/uploads\/revslider\/home\/divider.jpg\" alt=\"Divider\" \/><\/div><\/div><div id=\"cmsmasters_heading_rv6u1lijfq\" class=\"cmsmasters_heading_wrap cmsmasters_heading_align_center\">\n\t<h2 class=\"cmsmasters_heading\">Contact<\/h2>\n<\/div>\n<\/div><\/div>\n<\/div>\n<\/div>\n<\/div>\n<\/div>\n<\/div>\n<div id=\"cmsmasters_row_7w842qq7rc\" class=\"cmsmasters_row cmsmasters_color_scheme_default cmsmasters_row_top_default cmsmasters_row_bot_default cmsmasters_row_boxed\">\n<div class=\"cmsmasters_row_outer_parent\">\n<div class=\"cmsmasters_row_outer\">\n<div class=\"cmsmasters_row_inner\">\n<div class=\"cmsmasters_row_margin\">\n<div id=\"cmsmasters_column_23495jb0zm\" class=\"cmsmasters_column one_first\">\n<div class=\"cmsmasters_column_inner\"><div class=\"cmsmasters_text\">\n<p>Le projet \u00ab\u00a0Climate Finance Innovators\u00a0\u00bb est coordonn\u00e9 par Perspectives Climate Group en coop\u00e9ration \u00e9troite avec Climate Focus, AERA Group, Carbon Africa Limited, Afrique-Energie-Environnement (AEE) et South South North.<\/p>\n<\/div>\n<\/div><\/div>\n<\/div>\n<\/div>\n<\/div>\n<\/div>\n<\/div>\n<div id=\"cmsmasters_row_8s5veecxo4\" class=\"cmsmasters_row cmsmasters_color_scheme_default cmsmasters_row_top_default cmsmasters_row_bot_default cmsmasters_row_boxed\">\n<div class=\"cmsmasters_row_outer_parent\">\n<div class=\"cmsmasters_row_outer\">\n<div class=\"cmsmasters_row_inner\">\n<div class=\"cmsmasters_row_margin\">\n<div id=\"cmsmasters_column_deomrxdpyb\" class=\"cmsmasters_column one_first\">\n<div class=\"cmsmasters_column_inner\"><div id=\"cmsmasters_heading_bacs27kxkd\" class=\"cmsmasters_heading_wrap cmsmasters_heading_align_left\">\n\t<h4 class=\"cmsmasters_heading\">Perspectives Climate Group<\/h4>\n<\/div>\n<\/div><\/div>\n<\/div>\n<\/div>\n<\/div>\n<\/div>\n<\/div>\n<div id=\"cmsmasters_row_ihsl18ob9x\" class=\"cmsmasters_row cmsmasters_color_scheme_default cmsmasters_row_top_default cmsmasters_row_bot_default cmsmasters_row_boxed\">\n<div class=\"cmsmasters_row_outer_parent\">\n<div class=\"cmsmasters_row_outer\">\n<div class=\"cmsmasters_row_inner\">\n<div class=\"cmsmasters_row_margin\">\n<div id=\"cmsmasters_column_tvea7o21xk\" class=\"cmsmasters_column one_half\">\n<div class=\"cmsmasters_column_inner\"><div class=\"cmsmasters_text\">\n<p>Hugstetter Str. 7<br \/>\nD-79106 Freiburg<br \/>\nGermany<\/p>\n<\/div>\n<\/div><\/div>\n<div id=\"cmsmasters_column_dyhj5mgaqb\" class=\"cmsmasters_column one_half\">\n<div class=\"cmsmasters_column_inner\"><div class=\"cmsmasters_text\">\n<p><strong>Contact:<\/strong><br \/>\nStephan Hoch<br \/>\n<a href=\"mailto:hoch@perspectives.cc\" target=\"_blank\" rel=\"nofollow noopener noreferrer\">hoch@perspectives.cc<\/a><br \/>\nT. +49 (0) 761 766 955 61<\/p>\n<p>Cathrin Arenz<br \/>\n<a href=\"mailto:arenz@perspectives.cc\" target=\"_blank\" rel=\"nofollow noopener noreferrer\">arenz@perspectives.cc<\/a><br \/>\nT. +49 (0) 761 590 338 23<\/p>\n<\/div>\n<\/div><\/div>\n<\/div>\n<\/div>\n<\/div>\n<\/div>\n<\/div>\n<div id=\"cmsmasters_row_x26wk288jk\" class=\"cmsmasters_row cmsmasters_color_scheme_default cmsmasters_row_top_default cmsmasters_row_bot_default cmsmasters_row_boxed\">\n<div class=\"cmsmasters_row_outer_parent\">\n<div class=\"cmsmasters_row_outer\">\n<div class=\"cmsmasters_row_inner\">\n<div class=\"cmsmasters_row_margin\">\n<div id=\"cmsmasters_column_y14j081as\" class=\"cmsmasters_column one_first\">\n<div class=\"cmsmasters_column_inner\"><div id=\"cmsmasters_heading_jcgq3qymbi\" class=\"cmsmasters_heading_wrap cmsmasters_heading_align_left\">\n\t<h4 class=\"cmsmasters_heading\">Climate Focus<\/h4>\n<\/div>\n<\/div><\/div>\n<\/div>\n<\/div>\n<\/div>\n<\/div>\n<\/div>\n<div id=\"cmsmasters_row_wqg25pxlv\" class=\"cmsmasters_row cmsmasters_color_scheme_default cmsmasters_row_top_default cmsmasters_row_bot_default cmsmasters_row_boxed\">\n<div class=\"cmsmasters_row_outer_parent\">\n<div class=\"cmsmasters_row_outer\">\n<div class=\"cmsmasters_row_inner\">\n<div class=\"cmsmasters_row_margin\">\n<div id=\"cmsmasters_column_ogrzfywt99\" class=\"cmsmasters_column one_half\">\n<div class=\"cmsmasters_column_inner\"><div class=\"cmsmasters_text\">\n<p>Van Diemenstraat 170<br \/>\n1013 CP Amsterdam<br \/>\nNetherlands<\/p>\n<\/div>\n<\/div><\/div>\n<div id=\"cmsmasters_column_x2m0a9qyun\" class=\"cmsmasters_column one_half\">\n<div class=\"cmsmasters_column_inner\"><div class=\"cmsmasters_text\">\n<p><strong>Contact:<\/strong><br \/>\nSandra Greiner<br \/>\n<a href=\"mailto:s.greiner@climatefocus.com\" target=\"_blank\" rel=\"nofollow noopener noreferrer\">s.greiner@climatefocus.com<\/a><br \/>\n+31 (0) 20 262 10 30<\/p>\n<\/div>\n<\/div><\/div>\n<\/div>\n<\/div>\n<\/div>\n<\/div>\n<\/div>\n\n","protected":false},"excerpt":{"rendered":"","protected":false},"author":2,"featured_media":0,"parent":0,"menu_order":0,"comment_status":"closed","ping_status":"closed","template":"","meta":{"footnotes":""},"class_list":["post-537","page","type-page","status-publish","hentry"],"yoast_head":"<!-- This site is optimized with the Yoast SEO plugin v26.9 - https:\/\/yoast.com\/product\/yoast-seo-wordpress\/ -->\n<title>Contact - Climate Finance Innovators<\/title>\n<meta name=\"description\" content=\"Our partner countries Ethiopia, Senegal and Uganda have defined ambitious climate-friendly development pathways and are actively involved in the international climate negotiations and all relevant climate finance mechanisms. The project supports funding proposals that build on these experiences with scalable CDM programmes and the GCF.\" \/>\n<meta name=\"robots\" content=\"index, follow, max-snippet:-1, max-image-preview:large, max-video-preview:-1\" \/>\n<link rel=\"canonical\" href=\"https:\/\/climatefinanceinnovators.com\/fr\/contact\/\" \/>\n<meta property=\"og:locale\" content=\"fr_FR\" \/>\n<meta property=\"og:type\" content=\"article\" \/>\n<meta property=\"og:title\" content=\"Contact - Climate Finance Innovators\" \/>\n<meta property=\"og:description\" content=\"Our partner countries Ethiopia, Senegal and Uganda have defined ambitious climate-friendly development pathways and are actively involved in the international climate negotiations and all relevant climate finance mechanisms. The project supports funding proposals that build on these experiences with scalable CDM programmes and the GCF.\" \/>\n<meta property=\"og:url\" content=\"https:\/\/climatefinanceinnovators.com\/fr\/contact\/\" \/>\n<meta property=\"og:site_name\" content=\"Climate Finance Innovators\" \/>\n<meta property=\"article:modified_time\" content=\"2020-04-15T07:43:50+00:00\" \/>\n<meta name=\"twitter:card\" content=\"summary_large_image\" \/>\n<meta name=\"twitter:label1\" content=\"Dur\u00e9e de lecture estim\u00e9e\" \/>\n\t<meta name=\"twitter:data1\" content=\"3 minutes\" \/>\n<script type=\"application\/ld+json\" class=\"yoast-schema-graph\">{\"@context\":\"https:\/\/schema.org\",\"@graph\":[{\"@type\":\"WebPage\",\"@id\":\"https:\/\/climatefinanceinnovators.com\/fr\/contact\/\",\"url\":\"https:\/\/climatefinanceinnovators.com\/fr\/contact\/\",\"name\":\"Contact - Climate Finance Innovators\",\"isPartOf\":{\"@id\":\"https:\/\/climatefinanceinnovators.com\/#website\"},\"datePublished\":\"2019-03-25T10:02:09+00:00\",\"dateModified\":\"2020-04-15T07:43:50+00:00\",\"description\":\"Our partner countries Ethiopia, Senegal and Uganda have defined ambitious climate-friendly development pathways and are actively involved in the international climate negotiations and all relevant climate finance mechanisms. The project supports funding proposals that build on these experiences with scalable CDM programmes and the GCF.\",\"breadcrumb\":{\"@id\":\"https:\/\/climatefinanceinnovators.com\/fr\/contact\/#breadcrumb\"},\"inLanguage\":\"fr-FR\",\"potentialAction\":[{\"@type\":\"ReadAction\",\"target\":[\"https:\/\/climatefinanceinnovators.com\/fr\/contact\/\"]}]},{\"@type\":\"BreadcrumbList\",\"@id\":\"https:\/\/climatefinanceinnovators.com\/fr\/contact\/#breadcrumb\",\"itemListElement\":[{\"@type\":\"ListItem\",\"position\":1,\"name\":\"Home\",\"item\":\"https:\/\/climatefinanceinnovators.com\/fr\/520-2\/\"},{\"@type\":\"ListItem\",\"position\":2,\"name\":\"Contact\"}]},{\"@type\":\"WebSite\",\"@id\":\"https:\/\/climatefinanceinnovators.com\/#website\",\"url\":\"https:\/\/climatefinanceinnovators.com\/\",\"name\":\"Climate Finance Innovators\",\"description\":\"Linking carbon markets with climate finance in Africa\",\"publisher\":{\"@id\":\"https:\/\/climatefinanceinnovators.com\/#organization\"},\"potentialAction\":[{\"@type\":\"SearchAction\",\"target\":{\"@type\":\"EntryPoint\",\"urlTemplate\":\"https:\/\/climatefinanceinnovators.com\/?s={search_term_string}\"},\"query-input\":{\"@type\":\"PropertyValueSpecification\",\"valueRequired\":true,\"valueName\":\"search_term_string\"}}],\"inLanguage\":\"fr-FR\"},{\"@type\":\"Organization\",\"@id\":\"https:\/\/climatefinanceinnovators.com\/#organization\",\"name\":\"Climate Finance Innovators\",\"url\":\"https:\/\/climatefinanceinnovators.com\/\",\"logo\":{\"@type\":\"ImageObject\",\"inLanguage\":\"fr-FR\",\"@id\":\"https:\/\/climatefinanceinnovators.com\/#\/schema\/logo\/image\/\",\"url\":\"https:\/\/climatefinanceinnovators.com\/wp-content\/uploads\/2018\/11\/cfi-logo-fixed.svg\",\"contentUrl\":\"https:\/\/climatefinanceinnovators.com\/wp-content\/uploads\/2018\/11\/cfi-logo-fixed.svg\",\"width\":513.77732,\"height\":184.57104,\"caption\":\"Climate Finance Innovators\"},\"image\":{\"@id\":\"https:\/\/climatefinanceinnovators.com\/#\/schema\/logo\/image\/\"}}]}<\/script>\n<!-- \/ Yoast SEO plugin. -->","yoast_head_json":{"title":"Contact - Climate Finance Innovators","description":"Our partner countries Ethiopia, Senegal and Uganda have defined ambitious climate-friendly development pathways and are actively involved in the international climate negotiations and all relevant climate finance mechanisms. The project supports funding proposals that build on these experiences with scalable CDM programmes and the GCF.","robots":{"index":"index","follow":"follow","max-snippet":"max-snippet:-1","max-image-preview":"max-image-preview:large","max-video-preview":"max-video-preview:-1"},"canonical":"https:\/\/climatefinanceinnovators.com\/fr\/contact\/","og_locale":"fr_FR","og_type":"article","og_title":"Contact - Climate Finance Innovators","og_description":"Our partner countries Ethiopia, Senegal and Uganda have defined ambitious climate-friendly development pathways and are actively involved in the international climate negotiations and all relevant climate finance mechanisms. The project supports funding proposals that build on these experiences with scalable CDM programmes and the GCF.","og_url":"https:\/\/climatefinanceinnovators.com\/fr\/contact\/","og_site_name":"Climate Finance Innovators","article_modified_time":"2020-04-15T07:43:50+00:00","twitter_card":"summary_large_image","twitter_misc":{"Dur\u00e9e de lecture estim\u00e9e":"3 minutes"},"schema":{"@context":"https:\/\/schema.org","@graph":[{"@type":"WebPage","@id":"https:\/\/climatefinanceinnovators.com\/fr\/contact\/","url":"https:\/\/climatefinanceinnovators.com\/fr\/contact\/","name":"Contact - Climate Finance Innovators","isPartOf":{"@id":"https:\/\/climatefinanceinnovators.com\/#website"},"datePublished":"2019-03-25T10:02:09+00:00","dateModified":"2020-04-15T07:43:50+00:00","description":"Our partner countries Ethiopia, Senegal and Uganda have defined ambitious climate-friendly development pathways and are actively involved in the international climate negotiations and all relevant climate finance mechanisms. The project supports funding proposals that build on these experiences with scalable CDM programmes and the GCF.","breadcrumb":{"@id":"https:\/\/climatefinanceinnovators.com\/fr\/contact\/#breadcrumb"},"inLanguage":"fr-FR","potentialAction":[{"@type":"ReadAction","target":["https:\/\/climatefinanceinnovators.com\/fr\/contact\/"]}]},{"@type":"BreadcrumbList","@id":"https:\/\/climatefinanceinnovators.com\/fr\/contact\/#breadcrumb","itemListElement":[{"@type":"ListItem","position":1,"name":"Home","item":"https:\/\/climatefinanceinnovators.com\/fr\/520-2\/"},{"@type":"ListItem","position":2,"name":"Contact"}]},{"@type":"WebSite","@id":"https:\/\/climatefinanceinnovators.com\/#website","url":"https:\/\/climatefinanceinnovators.com\/","name":"Climate Finance Innovators","description":"Linking carbon markets with climate finance in Africa","publisher":{"@id":"https:\/\/climatefinanceinnovators.com\/#organization"},"potentialAction":[{"@type":"SearchAction","target":{"@type":"EntryPoint","urlTemplate":"https:\/\/climatefinanceinnovators.com\/?s={search_term_string}"},"query-input":{"@type":"PropertyValueSpecification","valueRequired":true,"valueName":"search_term_string"}}],"inLanguage":"fr-FR"},{"@type":"Organization","@id":"https:\/\/climatefinanceinnovators.com\/#organization","name":"Climate Finance Innovators","url":"https:\/\/climatefinanceinnovators.com\/","logo":{"@type":"ImageObject","inLanguage":"fr-FR","@id":"https:\/\/climatefinanceinnovators.com\/#\/schema\/logo\/image\/","url":"https:\/\/climatefinanceinnovators.com\/wp-content\/uploads\/2018\/11\/cfi-logo-fixed.svg","contentUrl":"https:\/\/climatefinanceinnovators.com\/wp-content\/uploads\/2018\/11\/cfi-logo-fixed.svg","width":513.77732,"height":184.57104,"caption":"Climate Finance Innovators"},"image":{"@id":"https:\/\/climatefinanceinnovators.com\/#\/schema\/logo\/image\/"}}]}},"_links":{"self":[{"href":"https:\/\/climatefinanceinnovators.com\/fr\/wp-json\/wp\/v2\/pages\/537","targetHints":{"allow":["GET"]}}],"collection":[{"href":"https:\/\/climatefinanceinnovators.com\/fr\/wp-json\/wp\/v2\/pages"}],"about":[{"href":"https:\/\/climatefinanceinnovators.com\/fr\/wp-json\/wp\/v2\/types\/page"}],"author":[{"embeddable":true,"href":"https:\/\/climatefinanceinnovators.com\/fr\/wp-json\/wp\/v2\/users\/2"}],"replies":[{"embeddable":true,"href":"https:\/\/climatefinanceinnovators.com\/fr\/wp-json\/wp\/v2\/comments?post=537"}],"version-history":[{"count":5,"href":"https:\/\/climatefinanceinnovators.com\/fr\/wp-json\/wp\/v2\/pages\/537\/revisions"}],"predecessor-version":[{"id":973,"href":"https:\/\/climatefinanceinnovators.com\/fr\/wp-json\/wp\/v2\/pages\/537\/revisions\/973"}],"wp:attachment":[{"href":"https:\/\/climatefinanceinnovators.com\/fr\/wp-json\/wp\/v2\/media?parent=537"}],"curies":[{"name":"wp","href":"https:\/\/api.w.org\/{rel}","templated":true}]}}