{"id":533,"date":"2019-03-25T09:02:44","date_gmt":"2019-03-25T09:02:44","guid":{"rendered":"https:\/\/climatefinanceinnovators.com\/?page_id=533"},"modified":"2019-04-03T09:34:17","modified_gmt":"2019-04-03T09:34:17","slug":"perimetre-geographique","status":"publish","type":"page","link":"https:\/\/climatefinanceinnovators.com\/fr\/perimetre-geographique\/","title":{"rendered":"P\u00e9rim\u00e8tre G\u00e9ographique"},"content":{"rendered":"<div id=\"cmsmasters_row_hlmd7ld8n4\" class=\"cmsmasters_row cmsmasters_color_scheme_default cmsmasters_row_top_default cmsmasters_row_bot_default cmsmasters_row_boxed\">\n<div class=\"cmsmasters_row_outer_parent\">\n<div class=\"cmsmasters_row_outer\">\n<div class=\"cmsmasters_row_inner\">\n<div class=\"cmsmasters_row_margin\">\n<div id=\"cmsmasters_column_tvea7o21xk\" class=\"cmsmasters_column one_first\">\n<div class=\"cmsmasters_column_inner\"><div class=\"cmsmasters_text\">\n<p>Les pays partenaires, l\u2019\u00c9thiopie, le S\u00e9n\u00e9gal et l\u2019Ouganda, ont d\u00e9fini des trajectoires ambitieuses de d\u00e9veloppement respectueux du climat. Ils se sont activement impliqu\u00e9s dans les n\u00e9gociations climat internationales ainsi que tous les m\u00e9canismes de finance climat pertinents. Ils ont cr\u00e9\u00e9 avec succ\u00e8s des programmes extensibles dans le cadre du M\u00e9canisme de D\u00e9veloppement Propre (MDP) et ont acquis de l\u2019exp\u00e9rience avec le FVC. Ils ont atteint des r\u00e9sultats \u00e0 visibilit\u00e9 internationale, par exemple dans le domaine de l\u2019\u00e9lectrification rurale. Tous trois ont pilot\u00e9 des concepts novateurs \u00e0 plusieurs reprises. Par cons\u00e9quent, les trois pays partenaires offrent des opportunit\u00e9s significatives pour le d\u00e9veloppement d\u2019approches transverses int\u00e9gr\u00e9es qui combinent finance climat et m\u00e9canismes de march\u00e9 afin de r\u00e9aliser les objectifs des Contributions D\u00e9termin\u00e9s au niveau National (CDN).<\/p>\n<\/div>\n<\/div><\/div>\n<\/div>\n<\/div>\n<\/div>\n<\/div>\n<\/div>\n<div id=\"cmsmasters_row_v6y3gx20sl\" class=\"cmsmasters_row cmsmasters_color_scheme_default cmsmasters_row_top_default cmsmasters_row_bot_default cmsmasters_row_boxed\">\n<div class=\"cmsmasters_row_outer_parent\">\n<div class=\"cmsmasters_row_outer\">\n<div class=\"cmsmasters_row_inner\">\n<div class=\"cmsmasters_row_margin\">\n<div id=\"cmsmasters_column_lqh220ego\" class=\"cmsmasters_column one_third\">\n<div class=\"cmsmasters_column_inner\"><div id=\"cmsmasters_heading_mzdb6v9jn\" class=\"cmsmasters_heading_wrap cmsmasters_heading_align_left\">\n\t<h3 class=\"cmsmasters_heading cmsmasters-icon-location\">\u00c9thiopie<\/h3>\n<\/div><div class=\"cmsmasters_text\">\n<p>L\u2019\u00c9thiopie est un des pays les plus ambitieux \u00e0 l\u2019\u00e9gard des objectifs de sa CDN. Le pays s\u2019est \u00e9galement employ\u00e9 \u00e0 l\u2019institutionnalisation de sa strat\u00e9gie de mobilisation pour la finance climat. Dans ce contexte, la Commission pour l\u2019Environnement, les For\u00eats et le Changement Climatique (CEFCC) et le Minist\u00e8re des Finances ont cr\u00e9\u00e9 la facilit\u00e9 pour l\u2019\u00c9conomie Verte R\u00e9silient au Changement Climatique (CRGE, selon le sigle anglais) en tant qu\u2019interm\u00e9diaire commun coordonnant tous les flux de finance climat. Le pays a \u00e9galement d\u00e9velopp\u00e9 plusieurs programmes MDP actifs ainsi que des Mesures d\u2019Att\u00e9nuation Adapt\u00e9es au contexte National (MAAN) qui sont parfaitement appropri\u00e9s pour des mod\u00e8les de finance climat innovateurs poursuivis dans ce projet.<\/p>\n<\/div>\n<\/div><\/div>\n<div id=\"cmsmasters_column_2fc6sulmk9\" class=\"cmsmasters_column one_third\">\n<div class=\"cmsmasters_column_inner\"><div id=\"cmsmasters_heading_xrbvcqibwq\" class=\"cmsmasters_heading_wrap cmsmasters_heading_align_left\">\n\t<h3 class=\"cmsmasters_heading cmsmasters-icon-location\">S\u00e9n\u00e9gal<\/h3>\n<\/div><div class=\"cmsmasters_text\">\n<div class=\"RichText truncatedRichText-richText\">Le S\u00e9n\u00e9gal s\u2019est impliqu\u00e9 dans le MDP depuis ses balbutiements et a \u00e9tabli des programmes MDP d\u2019\u00e9lectrification rurale internationalement reconnus. Le S\u00e9n\u00e9gal est le premier pays ayant obtenu l\u2019accr\u00e9ditation d\u2019une institution nationale pour l\u2019acc\u00e8s direct au FVC et a d\u00e9j\u00e0 mobilis\u00e9 des fonds \u00e0 travers le FVC avec succ\u00e8s. Le pays a \u00e9galement \u00e9tabli des programmes MDP qui conviennent id\u00e9alement aux mod\u00e8les de finance climat innovateurs de ce projet.<\/div>\n<\/div>\n<\/div><\/div>\n<div id=\"cmsmasters_column_dk6u8kn616\" class=\"cmsmasters_column one_third\">\n<div class=\"cmsmasters_column_inner\"><div id=\"cmsmasters_heading_tn6t2ucj4d\" class=\"cmsmasters_heading_wrap cmsmasters_heading_align_left\">\n\t<h3 class=\"cmsmasters_heading cmsmasters-icon-location\">Ouganda<\/h3>\n<\/div><div class=\"cmsmasters_text\">\n<p>L\u2019Ouganda a activement particip\u00e9 au MDP depuis ses d\u00e9buts et \u00e9tait repr\u00e9sent\u00e9 \u00e0 plusieurs reprises au conseil ex\u00e9cutif du MDP. L\u2019Ouganda a le premier portefeuille MDP parmi tous les pays les moins avanc\u00e9s (PMA) et a ancr\u00e9 certains programmes MDP dans les objectifs de sa CDN. L\u2019Ouganda a \u00e9galement initi\u00e9 des efforts de synergies entre finance climat et m\u00e9canismes de march\u00e9 dans la MAAN \u00ab\u00a0\u00c9coles vertes\u00a0\u00bb. Plusieurs activit\u00e9s ougandaises op\u00e9rationnelles conviennent aux mod\u00e8les de finance climat innovants du projet \u00ab\u00a0Climate Finance Innovators\u00a0\u00bb.<\/p>\n<\/div>\n<\/div><\/div>\n<\/div>\n<\/div>\n<\/div>\n<\/div>\n<\/div>\n\n","protected":false},"excerpt":{"rendered":"","protected":false},"author":2,"featured_media":0,"parent":0,"menu_order":0,"comment_status":"closed","ping_status":"closed","template":"","meta":{"footnotes":""},"class_list":["post-533","page","type-page","status-publish","hentry"],"yoast_head":"<!-- This site is optimized with the Yoast SEO plugin v26.9 - https:\/\/yoast.com\/product\/yoast-seo-wordpress\/ -->\n<title>P\u00e9rim\u00e8tre G\u00e9ographique - Climate Finance Innovators<\/title>\n<meta name=\"description\" content=\"Les pays partenaires, l\u2019\u00c9thiopie, le S\u00e9n\u00e9gal et l\u2019Ouganda, ont d\u00e9fini des trajectoires ambitieuses de d\u00e9veloppement respectueux du climat.\" \/>\n<meta name=\"robots\" content=\"index, follow, max-snippet:-1, max-image-preview:large, max-video-preview:-1\" \/>\n<link rel=\"canonical\" href=\"https:\/\/climatefinanceinnovators.com\/fr\/perimetre-geographique\/\" \/>\n<meta property=\"og:locale\" content=\"fr_FR\" \/>\n<meta property=\"og:type\" content=\"article\" \/>\n<meta property=\"og:title\" content=\"P\u00e9rim\u00e8tre G\u00e9ographique - Climate Finance Innovators\" \/>\n<meta property=\"og:description\" content=\"Les pays partenaires, l\u2019\u00c9thiopie, le S\u00e9n\u00e9gal et l\u2019Ouganda, ont d\u00e9fini des trajectoires ambitieuses de d\u00e9veloppement respectueux du climat.\" \/>\n<meta property=\"og:url\" content=\"https:\/\/climatefinanceinnovators.com\/fr\/perimetre-geographique\/\" \/>\n<meta property=\"og:site_name\" content=\"Climate Finance Innovators\" \/>\n<meta property=\"article:modified_time\" content=\"2019-04-03T09:34:17+00:00\" \/>\n<meta name=\"twitter:card\" content=\"summary_large_image\" \/>\n<meta name=\"twitter:label1\" content=\"Dur\u00e9e de lecture estim\u00e9e\" \/>\n\t<meta name=\"twitter:data1\" content=\"4 minutes\" \/>\n<script type=\"application\/ld+json\" class=\"yoast-schema-graph\">{\"@context\":\"https:\/\/schema.org\",\"@graph\":[{\"@type\":\"WebPage\",\"@id\":\"https:\/\/climatefinanceinnovators.com\/fr\/perimetre-geographique\/\",\"url\":\"https:\/\/climatefinanceinnovators.com\/fr\/perimetre-geographique\/\",\"name\":\"P\u00e9rim\u00e8tre G\u00e9ographique - Climate Finance Innovators\",\"isPartOf\":{\"@id\":\"https:\/\/climatefinanceinnovators.com\/#website\"},\"datePublished\":\"2019-03-25T09:02:44+00:00\",\"dateModified\":\"2019-04-03T09:34:17+00:00\",\"description\":\"Les pays partenaires, l\u2019\u00c9thiopie, le S\u00e9n\u00e9gal et l\u2019Ouganda, ont d\u00e9fini des trajectoires ambitieuses de d\u00e9veloppement respectueux du climat.\",\"breadcrumb\":{\"@id\":\"https:\/\/climatefinanceinnovators.com\/fr\/perimetre-geographique\/#breadcrumb\"},\"inLanguage\":\"fr-FR\",\"potentialAction\":[{\"@type\":\"ReadAction\",\"target\":[\"https:\/\/climatefinanceinnovators.com\/fr\/perimetre-geographique\/\"]}]},{\"@type\":\"BreadcrumbList\",\"@id\":\"https:\/\/climatefinanceinnovators.com\/fr\/perimetre-geographique\/#breadcrumb\",\"itemListElement\":[{\"@type\":\"ListItem\",\"position\":1,\"name\":\"Home\",\"item\":\"https:\/\/climatefinanceinnovators.com\/fr\/520-2\/\"},{\"@type\":\"ListItem\",\"position\":2,\"name\":\"P\u00e9rim\u00e8tre G\u00e9ographique\"}]},{\"@type\":\"WebSite\",\"@id\":\"https:\/\/climatefinanceinnovators.com\/#website\",\"url\":\"https:\/\/climatefinanceinnovators.com\/\",\"name\":\"Climate Finance Innovators\",\"description\":\"Linking carbon markets with climate finance in Africa\",\"publisher\":{\"@id\":\"https:\/\/climatefinanceinnovators.com\/#organization\"},\"potentialAction\":[{\"@type\":\"SearchAction\",\"target\":{\"@type\":\"EntryPoint\",\"urlTemplate\":\"https:\/\/climatefinanceinnovators.com\/?s={search_term_string}\"},\"query-input\":{\"@type\":\"PropertyValueSpecification\",\"valueRequired\":true,\"valueName\":\"search_term_string\"}}],\"inLanguage\":\"fr-FR\"},{\"@type\":\"Organization\",\"@id\":\"https:\/\/climatefinanceinnovators.com\/#organization\",\"name\":\"Climate Finance Innovators\",\"url\":\"https:\/\/climatefinanceinnovators.com\/\",\"logo\":{\"@type\":\"ImageObject\",\"inLanguage\":\"fr-FR\",\"@id\":\"https:\/\/climatefinanceinnovators.com\/#\/schema\/logo\/image\/\",\"url\":\"https:\/\/climatefinanceinnovators.com\/wp-content\/uploads\/2018\/11\/cfi-logo-fixed.svg\",\"contentUrl\":\"https:\/\/climatefinanceinnovators.com\/wp-content\/uploads\/2018\/11\/cfi-logo-fixed.svg\",\"width\":513.77732,\"height\":184.57104,\"caption\":\"Climate Finance Innovators\"},\"image\":{\"@id\":\"https:\/\/climatefinanceinnovators.com\/#\/schema\/logo\/image\/\"}}]}<\/script>\n<!-- \/ Yoast SEO plugin. -->","yoast_head_json":{"title":"P\u00e9rim\u00e8tre G\u00e9ographique - Climate Finance Innovators","description":"Les pays partenaires, l\u2019\u00c9thiopie, le S\u00e9n\u00e9gal et l\u2019Ouganda, ont d\u00e9fini des trajectoires ambitieuses de d\u00e9veloppement respectueux du climat.","robots":{"index":"index","follow":"follow","max-snippet":"max-snippet:-1","max-image-preview":"max-image-preview:large","max-video-preview":"max-video-preview:-1"},"canonical":"https:\/\/climatefinanceinnovators.com\/fr\/perimetre-geographique\/","og_locale":"fr_FR","og_type":"article","og_title":"P\u00e9rim\u00e8tre G\u00e9ographique - Climate Finance Innovators","og_description":"Les pays partenaires, l\u2019\u00c9thiopie, le S\u00e9n\u00e9gal et l\u2019Ouganda, ont d\u00e9fini des trajectoires ambitieuses de d\u00e9veloppement respectueux du climat.","og_url":"https:\/\/climatefinanceinnovators.com\/fr\/perimetre-geographique\/","og_site_name":"Climate Finance Innovators","article_modified_time":"2019-04-03T09:34:17+00:00","twitter_card":"summary_large_image","twitter_misc":{"Dur\u00e9e de lecture estim\u00e9e":"4 minutes"},"schema":{"@context":"https:\/\/schema.org","@graph":[{"@type":"WebPage","@id":"https:\/\/climatefinanceinnovators.com\/fr\/perimetre-geographique\/","url":"https:\/\/climatefinanceinnovators.com\/fr\/perimetre-geographique\/","name":"P\u00e9rim\u00e8tre G\u00e9ographique - Climate Finance Innovators","isPartOf":{"@id":"https:\/\/climatefinanceinnovators.com\/#website"},"datePublished":"2019-03-25T09:02:44+00:00","dateModified":"2019-04-03T09:34:17+00:00","description":"Les pays partenaires, l\u2019\u00c9thiopie, le S\u00e9n\u00e9gal et l\u2019Ouganda, ont d\u00e9fini des trajectoires ambitieuses de d\u00e9veloppement respectueux du climat.","breadcrumb":{"@id":"https:\/\/climatefinanceinnovators.com\/fr\/perimetre-geographique\/#breadcrumb"},"inLanguage":"fr-FR","potentialAction":[{"@type":"ReadAction","target":["https:\/\/climatefinanceinnovators.com\/fr\/perimetre-geographique\/"]}]},{"@type":"BreadcrumbList","@id":"https:\/\/climatefinanceinnovators.com\/fr\/perimetre-geographique\/#breadcrumb","itemListElement":[{"@type":"ListItem","position":1,"name":"Home","item":"https:\/\/climatefinanceinnovators.com\/fr\/520-2\/"},{"@type":"ListItem","position":2,"name":"P\u00e9rim\u00e8tre G\u00e9ographique"}]},{"@type":"WebSite","@id":"https:\/\/climatefinanceinnovators.com\/#website","url":"https:\/\/climatefinanceinnovators.com\/","name":"Climate Finance Innovators","description":"Linking carbon markets with climate finance in Africa","publisher":{"@id":"https:\/\/climatefinanceinnovators.com\/#organization"},"potentialAction":[{"@type":"SearchAction","target":{"@type":"EntryPoint","urlTemplate":"https:\/\/climatefinanceinnovators.com\/?s={search_term_string}"},"query-input":{"@type":"PropertyValueSpecification","valueRequired":true,"valueName":"search_term_string"}}],"inLanguage":"fr-FR"},{"@type":"Organization","@id":"https:\/\/climatefinanceinnovators.com\/#organization","name":"Climate Finance Innovators","url":"https:\/\/climatefinanceinnovators.com\/","logo":{"@type":"ImageObject","inLanguage":"fr-FR","@id":"https:\/\/climatefinanceinnovators.com\/#\/schema\/logo\/image\/","url":"https:\/\/climatefinanceinnovators.com\/wp-content\/uploads\/2018\/11\/cfi-logo-fixed.svg","contentUrl":"https:\/\/climatefinanceinnovators.com\/wp-content\/uploads\/2018\/11\/cfi-logo-fixed.svg","width":513.77732,"height":184.57104,"caption":"Climate Finance Innovators"},"image":{"@id":"https:\/\/climatefinanceinnovators.com\/#\/schema\/logo\/image\/"}}]}},"_links":{"self":[{"href":"https:\/\/climatefinanceinnovators.com\/fr\/wp-json\/wp\/v2\/pages\/533","targetHints":{"allow":["GET"]}}],"collection":[{"href":"https:\/\/climatefinanceinnovators.com\/fr\/wp-json\/wp\/v2\/pages"}],"about":[{"href":"https:\/\/climatefinanceinnovators.com\/fr\/wp-json\/wp\/v2\/types\/page"}],"author":[{"embeddable":true,"href":"https:\/\/climatefinanceinnovators.com\/fr\/wp-json\/wp\/v2\/users\/2"}],"replies":[{"embeddable":true,"href":"https:\/\/climatefinanceinnovators.com\/fr\/wp-json\/wp\/v2\/comments?post=533"}],"version-history":[{"count":2,"href":"https:\/\/climatefinanceinnovators.com\/fr\/wp-json\/wp\/v2\/pages\/533\/revisions"}],"predecessor-version":[{"id":622,"href":"https:\/\/climatefinanceinnovators.com\/fr\/wp-json\/wp\/v2\/pages\/533\/revisions\/622"}],"wp:attachment":[{"href":"https:\/\/climatefinanceinnovators.com\/fr\/wp-json\/wp\/v2\/media?parent=533"}],"curies":[{"name":"wp","href":"https:\/\/api.w.org\/{rel}","templated":true}]}}