{"id":526,"date":"2018-11-22T10:53:07","date_gmt":"2018-11-22T10:53:07","guid":{"rendered":"https:\/\/climatefinanceinnovators.com\/project-background\/"},"modified":"2022-08-15T12:07:17","modified_gmt":"2022-08-15T10:07:17","slug":"project-background","status":"publish","type":"page","link":"https:\/\/climatefinanceinnovators.com\/fr\/project-background\/","title":{"rendered":"Contexte du Projet"},"content":{"rendered":"<div id=\"cmsmasters_row_1nchgo133p\" class=\"cmsmasters_row cmsmasters_color_scheme_default cmsmasters_row_top_default cmsmasters_row_bot_default cmsmasters_row_boxed\">\n<div class=\"cmsmasters_row_outer_parent\">\n<div class=\"cmsmasters_row_outer\">\n<div class=\"cmsmasters_row_inner\">\n<div class=\"cmsmasters_row_margin\">\n<div id=\"cmsmasters_column_tvea7o21xk\" class=\"cmsmasters_column one_first\">\n<div class=\"cmsmasters_column_inner\"><div class=\"cmsmasters_text\">\n<p>Le projet \u00ab Climate Finance Innovators \u00bb a pour objectif de d\u00e9velopper des mod\u00e8les de finance climatique reproductibles en \u00c9thiopie, au S\u00e9n\u00e9gal et en Ouganda fond\u00e9s sur les \u00e9l\u00e9ments et activit\u00e9s du M\u00e9canisme de D\u00e9veloppement Propre (MDP). \u00c0 travers ses activit\u00e9s, le projet \u00e9tablit des liens novateurs entre les m\u00e9canismes de march\u00e9s de la CCNUCC et les institutions de finance climat comme le Fonds Vert pour le Climat (FVC). Les pays partenaires se d\u00e9marquent par leur ambition, leur rayonnement r\u00e9gional et leur pertinence dans les n\u00e9gociations climatiques. Le projet travaille dans les trois pays avec des partenaires du gouvernement et du secteur priv\u00e9 afin de d\u00e9velopper des propositions de financement qui \u00e9tendent les initiatives pilotes d\u2019att\u00e9nuation existantes et qui mobilisent ainsi l\u2019action pr\u00e9-2020 \u00e0 forts impacts de d\u00e9veloppement durable. Le renforcement des capacit\u00e9s au niveau r\u00e9gional et national ainsi que le travail conceptuel contribuent aux activit\u00e9s de pr\u00e9paration et \u00e0 un environnement propice au d\u00e9veloppement bas-carbone dans les pays d\u2019accueil. Les enseignements seront int\u00e9gr\u00e9s de mani\u00e8re continue dans les n\u00e9gociations climatiques et les d\u00e9bats publics, contribuant ainsi au d\u00e9veloppement des r\u00e8gles et instruments de l\u2019Accord de Paris et en particulier l\u2019article 6. La coop\u00e9ration avec les n\u00e9gociateurs climat d\u2019Afrique appuie leur impact dans les processus de la CCNUCC.<\/p>\n<p>\u00ab Climate Finance Innovators \u00bb est une collaboration entre Perspectives Climate Group, Climate Focus, AERA Group, Climate Impact Partners, Afrique Energie Environnement (AEE) et South South North. Le projet re\u00e7oit l\u2019appui de l\u2019<a href=\"https:\/\/www.international-climate-initiative.com\/en\/?iki_lang=en\">Initiative Climatique Internationale<\/a> (IKI) du Minist\u00e8re f\u00e9d\u00e9ral allemand de l\u2019environnement, de la protection de la nature et de la s\u00e9curit\u00e9 nucl\u00e9aire (BMU) en vertu d\u2019une d\u00e9cision prise par le Bundestag Allemand.<\/p>\n<p>&nbsp;<\/p>\n<\/div>\n<\/div><\/div>\n<\/div>\n<\/div>\n<\/div>\n<\/div>\n<\/div>\n\n","protected":false},"excerpt":{"rendered":"","protected":false},"author":1,"featured_media":0,"parent":0,"menu_order":0,"comment_status":"closed","ping_status":"closed","template":"","meta":{"footnotes":""},"class_list":["post-526","page","type-page","status-publish","hentry"],"yoast_head":"<!-- This site is optimized with the Yoast SEO plugin v26.9 - https:\/\/yoast.com\/product\/yoast-seo-wordpress\/ -->\n<title>Contexte du Projet - Climate Finance Innovators<\/title>\n<meta name=\"description\" content=\"Le projet \u00ab Climate Finance Innovators \u00bb a pour objectif de d\u00e9velopper des mod\u00e8les de finance climatique reproductibles en \u00c9thiopie, au S\u00e9n\u00e9gal et en Ouganda fond\u00e9s\" \/>\n<meta name=\"robots\" content=\"index, follow, max-snippet:-1, max-image-preview:large, max-video-preview:-1\" \/>\n<link rel=\"canonical\" href=\"https:\/\/climatefinanceinnovators.com\/fr\/project-background\/\" \/>\n<meta property=\"og:locale\" content=\"fr_FR\" \/>\n<meta property=\"og:type\" content=\"article\" \/>\n<meta property=\"og:title\" content=\"Contexte du Projet - Climate Finance Innovators\" \/>\n<meta property=\"og:description\" content=\"Le projet \u00ab Climate Finance Innovators \u00bb a pour objectif de d\u00e9velopper des mod\u00e8les de finance climatique reproductibles en \u00c9thiopie, au S\u00e9n\u00e9gal et en Ouganda fond\u00e9s\" \/>\n<meta property=\"og:url\" content=\"https:\/\/climatefinanceinnovators.com\/fr\/project-background\/\" \/>\n<meta property=\"og:site_name\" content=\"Climate Finance Innovators\" \/>\n<meta property=\"article:modified_time\" content=\"2022-08-15T10:07:17+00:00\" \/>\n<meta name=\"twitter:card\" content=\"summary_large_image\" \/>\n<meta name=\"twitter:label1\" content=\"Dur\u00e9e de lecture estim\u00e9e\" \/>\n\t<meta name=\"twitter:data1\" content=\"2 minutes\" \/>\n<script type=\"application\/ld+json\" class=\"yoast-schema-graph\">{\"@context\":\"https:\/\/schema.org\",\"@graph\":[{\"@type\":\"WebPage\",\"@id\":\"https:\/\/climatefinanceinnovators.com\/fr\/project-background\/\",\"url\":\"https:\/\/climatefinanceinnovators.com\/fr\/project-background\/\",\"name\":\"Contexte du Projet - Climate Finance Innovators\",\"isPartOf\":{\"@id\":\"https:\/\/climatefinanceinnovators.com\/#website\"},\"datePublished\":\"2018-11-22T10:53:07+00:00\",\"dateModified\":\"2022-08-15T10:07:17+00:00\",\"description\":\"Le projet \u00ab Climate Finance Innovators \u00bb a pour objectif de d\u00e9velopper des mod\u00e8les de finance climatique reproductibles en \u00c9thiopie, au S\u00e9n\u00e9gal et en Ouganda fond\u00e9s\",\"breadcrumb\":{\"@id\":\"https:\/\/climatefinanceinnovators.com\/fr\/project-background\/#breadcrumb\"},\"inLanguage\":\"fr-FR\",\"potentialAction\":[{\"@type\":\"ReadAction\",\"target\":[\"https:\/\/climatefinanceinnovators.com\/fr\/project-background\/\"]}]},{\"@type\":\"BreadcrumbList\",\"@id\":\"https:\/\/climatefinanceinnovators.com\/fr\/project-background\/#breadcrumb\",\"itemListElement\":[{\"@type\":\"ListItem\",\"position\":1,\"name\":\"Home\",\"item\":\"https:\/\/climatefinanceinnovators.com\/fr\/520-2\/\"},{\"@type\":\"ListItem\",\"position\":2,\"name\":\"Contexte du Projet\"}]},{\"@type\":\"WebSite\",\"@id\":\"https:\/\/climatefinanceinnovators.com\/#website\",\"url\":\"https:\/\/climatefinanceinnovators.com\/\",\"name\":\"Climate Finance Innovators\",\"description\":\"Linking carbon markets with climate finance in Africa\",\"publisher\":{\"@id\":\"https:\/\/climatefinanceinnovators.com\/#organization\"},\"potentialAction\":[{\"@type\":\"SearchAction\",\"target\":{\"@type\":\"EntryPoint\",\"urlTemplate\":\"https:\/\/climatefinanceinnovators.com\/?s={search_term_string}\"},\"query-input\":{\"@type\":\"PropertyValueSpecification\",\"valueRequired\":true,\"valueName\":\"search_term_string\"}}],\"inLanguage\":\"fr-FR\"},{\"@type\":\"Organization\",\"@id\":\"https:\/\/climatefinanceinnovators.com\/#organization\",\"name\":\"Climate Finance Innovators\",\"url\":\"https:\/\/climatefinanceinnovators.com\/\",\"logo\":{\"@type\":\"ImageObject\",\"inLanguage\":\"fr-FR\",\"@id\":\"https:\/\/climatefinanceinnovators.com\/#\/schema\/logo\/image\/\",\"url\":\"https:\/\/climatefinanceinnovators.com\/wp-content\/uploads\/2018\/11\/cfi-logo-fixed.svg\",\"contentUrl\":\"https:\/\/climatefinanceinnovators.com\/wp-content\/uploads\/2018\/11\/cfi-logo-fixed.svg\",\"width\":513.77732,\"height\":184.57104,\"caption\":\"Climate Finance Innovators\"},\"image\":{\"@id\":\"https:\/\/climatefinanceinnovators.com\/#\/schema\/logo\/image\/\"}}]}<\/script>\n<!-- \/ Yoast SEO plugin. -->","yoast_head_json":{"title":"Contexte du Projet - Climate Finance Innovators","description":"Le projet \u00ab Climate Finance Innovators \u00bb a pour objectif de d\u00e9velopper des mod\u00e8les de finance climatique reproductibles en \u00c9thiopie, au S\u00e9n\u00e9gal et en Ouganda fond\u00e9s","robots":{"index":"index","follow":"follow","max-snippet":"max-snippet:-1","max-image-preview":"max-image-preview:large","max-video-preview":"max-video-preview:-1"},"canonical":"https:\/\/climatefinanceinnovators.com\/fr\/project-background\/","og_locale":"fr_FR","og_type":"article","og_title":"Contexte du Projet - Climate Finance Innovators","og_description":"Le projet \u00ab Climate Finance Innovators \u00bb a pour objectif de d\u00e9velopper des mod\u00e8les de finance climatique reproductibles en \u00c9thiopie, au S\u00e9n\u00e9gal et en Ouganda fond\u00e9s","og_url":"https:\/\/climatefinanceinnovators.com\/fr\/project-background\/","og_site_name":"Climate Finance Innovators","article_modified_time":"2022-08-15T10:07:17+00:00","twitter_card":"summary_large_image","twitter_misc":{"Dur\u00e9e de lecture estim\u00e9e":"2 minutes"},"schema":{"@context":"https:\/\/schema.org","@graph":[{"@type":"WebPage","@id":"https:\/\/climatefinanceinnovators.com\/fr\/project-background\/","url":"https:\/\/climatefinanceinnovators.com\/fr\/project-background\/","name":"Contexte du Projet - Climate Finance Innovators","isPartOf":{"@id":"https:\/\/climatefinanceinnovators.com\/#website"},"datePublished":"2018-11-22T10:53:07+00:00","dateModified":"2022-08-15T10:07:17+00:00","description":"Le projet \u00ab Climate Finance Innovators \u00bb a pour objectif de d\u00e9velopper des mod\u00e8les de finance climatique reproductibles en \u00c9thiopie, au S\u00e9n\u00e9gal et en Ouganda fond\u00e9s","breadcrumb":{"@id":"https:\/\/climatefinanceinnovators.com\/fr\/project-background\/#breadcrumb"},"inLanguage":"fr-FR","potentialAction":[{"@type":"ReadAction","target":["https:\/\/climatefinanceinnovators.com\/fr\/project-background\/"]}]},{"@type":"BreadcrumbList","@id":"https:\/\/climatefinanceinnovators.com\/fr\/project-background\/#breadcrumb","itemListElement":[{"@type":"ListItem","position":1,"name":"Home","item":"https:\/\/climatefinanceinnovators.com\/fr\/520-2\/"},{"@type":"ListItem","position":2,"name":"Contexte du Projet"}]},{"@type":"WebSite","@id":"https:\/\/climatefinanceinnovators.com\/#website","url":"https:\/\/climatefinanceinnovators.com\/","name":"Climate Finance Innovators","description":"Linking carbon markets with climate finance in Africa","publisher":{"@id":"https:\/\/climatefinanceinnovators.com\/#organization"},"potentialAction":[{"@type":"SearchAction","target":{"@type":"EntryPoint","urlTemplate":"https:\/\/climatefinanceinnovators.com\/?s={search_term_string}"},"query-input":{"@type":"PropertyValueSpecification","valueRequired":true,"valueName":"search_term_string"}}],"inLanguage":"fr-FR"},{"@type":"Organization","@id":"https:\/\/climatefinanceinnovators.com\/#organization","name":"Climate Finance Innovators","url":"https:\/\/climatefinanceinnovators.com\/","logo":{"@type":"ImageObject","inLanguage":"fr-FR","@id":"https:\/\/climatefinanceinnovators.com\/#\/schema\/logo\/image\/","url":"https:\/\/climatefinanceinnovators.com\/wp-content\/uploads\/2018\/11\/cfi-logo-fixed.svg","contentUrl":"https:\/\/climatefinanceinnovators.com\/wp-content\/uploads\/2018\/11\/cfi-logo-fixed.svg","width":513.77732,"height":184.57104,"caption":"Climate Finance Innovators"},"image":{"@id":"https:\/\/climatefinanceinnovators.com\/#\/schema\/logo\/image\/"}}]}},"_links":{"self":[{"href":"https:\/\/climatefinanceinnovators.com\/fr\/wp-json\/wp\/v2\/pages\/526","targetHints":{"allow":["GET"]}}],"collection":[{"href":"https:\/\/climatefinanceinnovators.com\/fr\/wp-json\/wp\/v2\/pages"}],"about":[{"href":"https:\/\/climatefinanceinnovators.com\/fr\/wp-json\/wp\/v2\/types\/page"}],"author":[{"embeddable":true,"href":"https:\/\/climatefinanceinnovators.com\/fr\/wp-json\/wp\/v2\/users\/1"}],"replies":[{"embeddable":true,"href":"https:\/\/climatefinanceinnovators.com\/fr\/wp-json\/wp\/v2\/comments?post=526"}],"version-history":[{"count":5,"href":"https:\/\/climatefinanceinnovators.com\/fr\/wp-json\/wp\/v2\/pages\/526\/revisions"}],"predecessor-version":[{"id":1311,"href":"https:\/\/climatefinanceinnovators.com\/fr\/wp-json\/wp\/v2\/pages\/526\/revisions\/1311"}],"wp:attachment":[{"href":"https:\/\/climatefinanceinnovators.com\/fr\/wp-json\/wp\/v2\/media?parent=526"}],"curies":[{"name":"wp","href":"https:\/\/api.w.org\/{rel}","templated":true}]}}